{"id":2462,"date":"2024-02-29T15:41:17","date_gmt":"2024-02-29T14:41:17","guid":{"rendered":"https:\/\/indyandpippa.com\/where-to-buy\/"},"modified":"2024-07-16T13:20:13","modified_gmt":"2024-07-16T12:20:13","slug":"where-to-buy","status":"publish","type":"page","link":"https:\/\/indyandpippa.com\/en\/where-to-buy\/","title":{"rendered":"Where to buy"},"content":{"rendered":"\n<div class=\"wp-block-rank-math-toc-block\" id=\"rank-math-toc\"><h2>Quick jump to location:<\/h2><nav><ul><li class=\"\"><a href=\"#slovenija\">Slovenia<\/a><\/li><li class=\"\"><a href=\"#hrvaska\">Croatia<\/a><\/li><li class=\"\"><a href=\"#italija\">Italy<\/a><\/li><li class=\"\"><a href=\"#srbija\">Serbia<\/a><\/li><li class=\"\"><a href=\"#severna-makedonija\">North Macedonia<\/a><\/li><\/ul><\/nav><\/div>\n\n<h1 class=\"wp-block-heading\" id=\"slovenija\">Slovenia<\/h1>\n\n<h2 class=\"wp-block-heading\" id=\"poslovalnice-hofer-po-vsej-sloveniji\">Hofer outlets across Slovenia<\/h2>\n\n<h2 class=\"wp-block-heading\" id=\"ljubljana\">Ljubljana<\/h2>\n\n<ul class=\"is-style-two_columns wp-block-list\">\n<li>LJUBLJANA \u0160I\u0160KA HYPERMARKET<\/li>\n\n\n\n<li>KAL\u010cEK \u0160I\u0160KA<\/li>\n\n\n\n<li>NATURE TREASURES SHOP<\/li>\n\n\n\n<li>INN LEDINEK &#8211; \u0160MARNA GORA<\/li>\n\n\n\n<li>BTC<\/li>\n\n\n\n<li>Spar BTC Hall A<\/li>\n\n\n\n<li>\u0160martinka hypermarket<\/li>\n\n\n\n<li>SPAR SM 86<\/li>\n\n\n\n<li>HEALTHY TRADER<\/li>\n\n\n\n<li>SUPERMARKET MERCATOR MURGLE<\/li>\n\n\n\n<li>MERCATOR &#8211; MAXIMARKET<\/li>\n\n\n\n<li>GRAIN TO GRAIN TRADE<\/li>\n\n\n\n<li>MINNIK HYPERMARKET<\/li>\n\n\n\n<li>RUDNIDIS<\/li>\n\n\n\n<li>BIOVERA STORE  <\/li>\n\n\n\n<li>TRUBAR&#8217;S SPROUT<\/li>\n\n\n\n<li>INTERSPAR MORE<\/li>\n\n\n\n<li>FITNESS CENTRE &#8211; JAMOVA 95A<\/li>\n\n\n\n<li>LIVE CENTRE SHOP<\/li>\n\n\n\n<li>SUPERHRANA SHOP, Zalo\u0161ka cesta 167<\/li>\n\n\n\n<li>VEGANSKO.SI<\/li>\n\n\n\n<li>BIOTOPIC Spar Vi\u010d<\/li>\n<\/ul>\n\n<h2 class=\"wp-block-heading\" id=\"koper\">Dill<\/h2>\n\n<ul class=\"wp-block-list\">\n<li>KZ AGRARIA KOPER &#8211; SHOP LUCIJA<\/li>\n\n\n\n<li>HYPERMARKET DILL<\/li>\n\n\n\n<li>INTERSPAR KOPER<\/li>\n<\/ul>\n\n<h2 class=\"wp-block-heading\" id=\"nova-gorica\">Nova Gorica<\/h2>\n\n<ul class=\"wp-block-list\">\n<li>INTERSPAR NOVA GORICA<\/li>\n\n\n\n<li>NOVA GORICA HYPERMARKET, PRVOMAJSKA STREET<\/li>\n\n\n\n<li>NOVA GORICA HYPERMARKET, INDUSTRIALSKA ULICA<\/li>\n<\/ul>\n\n<h2 class=\"wp-block-heading\" id=\"idrija\">Idrija<\/h2>\n\n<ul class=\"wp-block-list\">\n<li>VITAMIN\u010cK SHOP<\/li>\n<\/ul>\n\n<h2 class=\"wp-block-heading\" id=\"kranj\">Kranj<\/h2>\n\n<ul class=\"wp-block-list\">\n<li>HYPERMARKET KRANJ PRIMSKOVO<\/li>\n\n\n\n<li>INTERSPAR QLANDIA<\/li>\n<\/ul>\n\n<h2 class=\"wp-block-heading\" id=\"skofja-loka\">\u0160kofja loka<\/h2>\n\n<ul class=\"wp-block-list\">\n<li>\u0160KOFJA LOKA HYPERMARKET<\/li>\n<\/ul>\n\n<h2 class=\"wp-block-heading\" id=\"bled\">Bled<\/h2>\n\n<ul class=\"wp-block-list\">\n<li>ZA\u017dIV &#8211; VEGETARIAN AND VEGAN RESTAURANT<\/li>\n<\/ul>\n\n<h2 class=\"wp-block-heading\" id=\"lesce\">Lesce<\/h2>\n\n<ul class=\"wp-block-list\">\n<li>SHOP GOOD THOUGHT<\/li>\n\n\n\n<li>SUZANA SHOP<\/li>\n\n\n\n<li>META SHOP<\/li>\n<\/ul>\n\n<h2 class=\"wp-block-heading\" id=\"kamnik\">Kamnik<\/h2>\n\n<ul class=\"wp-block-list\">\n<li>COOKIE CAF\u00c9<\/li>\n\n\n\n<li>SPAR SM KAMNIK<\/li>\n<\/ul>\n\n<h2 class=\"wp-block-heading\" id=\"menges\">Menge\u0161<\/h2>\n\n<h2 class=\"wp-block-heading\" id=\"grosuplje\">Grosuplje<\/h2>\n\n<ul class=\"wp-block-list\">\n<li>SPAR SM<\/li>\n\n\n\n<li>APOTHECARY SHOP NATURA<\/li>\n<\/ul>\n\n<h2 class=\"wp-block-heading\" id=\"ivancna-gorica\">Ivan\u010dna Gorica<\/h2>\n\n<ul class=\"wp-block-list\">\n<li>BIO PARADISE SHOP<\/li>\n<\/ul>\n\n<h2 class=\"wp-block-heading\" id=\"novo-mesto\">Novo mesto<\/h2>\n\n<ul class=\"wp-block-list\">\n<li>MERCATOR IVY HYPERMARKET<\/li>\n\n\n\n<li>OLD BRIDGE CAF\u00c9 AND SHOP<\/li>\n<\/ul>\n\n<h2 class=\"wp-block-heading\" id=\"trbovlje\">Trbovlje<\/h2>\n\n<ul class=\"wp-block-list\">\n<li>GAJBICA SHOP<\/li>\n<\/ul>\n\n<h2 class=\"wp-block-heading\" id=\"celje\">Celje<\/h2>\n\n<ul class=\"wp-block-list\">\n<li>HYPERMARKET CELJE<\/li>\n\n\n\n<li>INTERSPAR CELJE<\/li>\n\n\n\n<li>BIOTOPIC<\/li>\n<\/ul>\n\n<h2 class=\"wp-block-heading\" id=\"velenje\">Velenje<\/h2>\n\n<ul class=\"wp-block-list\">\n<li>INTERSPAR VELENJE<\/li>\n<\/ul>\n\n<h2 class=\"wp-block-heading\" id=\"maribor\">Maribor<\/h2>\n\n<ul class=\"wp-block-list\">\n<li>TEA CAFE<\/li>\n\n\n\n<li>SPAR SM 96 FLORJAN<\/li>\n\n\n\n<li>ORGANIC SALES STANDARD<\/li>\n\n\n\n<li>AJDA SHOP<\/li>\n\n\n\n<li>PEACE TRADE<\/li>\n\n\n\n<li>INTERSPAR MARIBOR<\/li>\n\n\n\n<li>MERCATOR TABOR HYPERMARKET<\/li>\n\n\n\n<li>Leclerc Maribor<\/li>\n<\/ul>\n\n<h2 class=\"wp-block-heading\" id=\"murska-sobota\">Murska Sobota<\/h2>\n\n<ul class=\"wp-block-list\">\n<li>SUNFLOWER SHOP<\/li>\n\n\n\n<li>INTERSPAR MURSKA SOBOTA<\/li>\n<\/ul>\n\n<h1 class=\"wp-block-heading\" id=\"hrvaska\">Croatia<\/h1>\n\n<h3 class=\"wp-block-heading\" id=\"baska\">BA\u0160KA<\/h3>\n\n<h4 class=\"wp-block-heading\" id=\"tommy\">Tommy<\/h4>\n\n<ul class=\"wp-block-list\">\n<li>PROD. 325 BA\u0160KA &#8211; KRK, Kralja Tomislava 100, 51523 Ba\u0161ka-Krk<\/li>\n<\/ul>\n\n<h3 class=\"wp-block-heading\" id=\"bol-na-bracu\">BOL ON THE BRACH<\/h3>\n\n<h4 class=\"wp-block-heading\" id=\"biomania\">BIOMANIA<\/h4>\n\n<ul class=\"wp-block-list\">\n<li>Put Zlatnog rata bb, Bol<\/li>\n<\/ul>\n\n<h3 class=\"wp-block-heading\" id=\"dubrovnik\">DUBROVNIK<\/h3>\n\n<h4 class=\"wp-block-heading\" id=\"bio-bio\">BIO&amp;BIO<\/h4>\n\n<ul class=\"wp-block-list\">\n<li>Dubrovnik Vukovarska 36<\/li>\n<\/ul>\n\n<h4 class=\"wp-block-heading\" id=\"tommy-1\">Tommy<\/h4>\n\n<ul class=\"wp-block-list\">\n<li>PROD.160 DUBROVNIK-VUKOVARSKA, Vukovarska 36, 20000 Dubrovnik<\/li>\n\n\n\n<li>PROD.175 DUBROVNIK-K.TOMISLAVA, Kralja Tomislava 7, 20000 Dubrovnik<\/li>\n<\/ul>\n\n<h3 class=\"wp-block-heading\" id=\"dugo-polje\">DUGO POLJE<\/h3>\n\n<h4 class=\"wp-block-heading\" id=\"tommy-2\">Tommy<\/h4>\n\n<ul class=\"wp-block-list\">\n<li>PROD.183 DUGOPOLJE, Leopold Mandi\u0107 18, 21204 Dugopolje<\/li>\n<\/ul>\n\n<h3 class=\"wp-block-heading\" id=\"jezera\">LAKES<\/h3>\n\n<h4 class=\"wp-block-heading\" id=\"tommy-3\">Tommy<\/h4>\n\n<ul class=\"wp-block-list\">\n<li>PROD.316 JEZERA MURTER, Donji put 2A, 22242 Jezera<\/li>\n<\/ul>\n\n<h3 class=\"wp-block-heading\" id=\"kastel-sucurac\">KA\u0160TEL SU\u0106URAC<\/h3>\n\n<h4 class=\"wp-block-heading\" id=\"interspar\">INTERSPAR<\/h4>\n\n<ul class=\"wp-block-list\">\n<li>Ka\u0161tel Su\u0107urac Emmezeta Hypermarket, Cesta dr. Franje Tu\u0111mana 7, 21212 Ka\u0161tel Su\u0107urac<\/li>\n<\/ul>\n\n<h3 class=\"wp-block-heading\" id=\"karlovac\">KARLOVAC<\/h3>\n\n<h4 class=\"wp-block-heading\" id=\"interspar-4\">INTERSPAR<\/h4>\n\n<ul class=\"wp-block-list\">\n<li>INTERSPAR hypermarket Karlovac<\/li>\n\n\n\n<li>Prilaz V.Holjevca 12, 47000 Karlovac<\/li>\n<\/ul>\n\n<h3 class=\"wp-block-heading\" id=\"korcula\">CORCULA<\/h3>\n\n<h4 class=\"wp-block-heading\" id=\"tommy-5\">Tommy<\/h4>\n\n<ul class=\"wp-block-list\">\n<li>PROD.180 KORCULA, Ante Star\u010devi\u0107a 6, 20260 Kor\u010dula<\/li>\n<\/ul>\n\n<h3 class=\"wp-block-heading\" id=\"labin\">LABIN<\/h3>\n\n<h4 class=\"wp-block-heading\" id=\"spar-hrvaska\">SPAR HRVASKA<\/h4>\n\n<ul class=\"wp-block-list\">\n<li>Labin, crossing of Zelenica and Pulska str. (circular flow), 52220<\/li>\n<\/ul>\n\n<h3 class=\"wp-block-heading\" id=\"makarska\">MAKARSKA<\/h3>\n\n<h4 class=\"wp-block-heading\" id=\"tommy-6\">Tommy<\/h4>\n\n<ul class=\"wp-block-list\">\n<li>PROD.329 MAKARSKA, Ulica Europske zajednice 1, 21300 Makarska<\/li>\n<\/ul>\n\n<h3 class=\"wp-block-heading\" id=\"malinska\">MALINSKA<\/h3>\n\n<h4 class=\"wp-block-heading\" id=\"tommy-7\">Tommy<\/h4>\n\n<ul class=\"wp-block-list\">\n<li>PROD.317 MALINSKA, Sveti Vid &#8211; Miholjice 205, 51511 Malinska\/Krk<\/li>\n<\/ul>\n\n<h3 class=\"wp-block-heading\" id=\"nin\">NIN<\/h3>\n\n<h4 class=\"wp-block-heading\" id=\"tommy-8\">Tommy<\/h4>\n\n<ul class=\"wp-block-list\">\n<li>PROD.280 NIN-T.RELJE, Tomislav Relje Street 1, 23232 Nin<\/li>\n<\/ul>\n\n<h3 class=\"wp-block-heading\" id=\"opatija\">OPATHY<\/h3>\n\n<h4 class=\"wp-block-heading\" id=\"spar-hrvaska-9\">SPAR HRVASKA<\/h4>\n\n<ul class=\"wp-block-list\">\n<li>Opatija, Nova cesta 68, 51410 Opatija<\/li>\n<\/ul>\n\n<h3 class=\"wp-block-heading\" id=\"osijek\">AXIS<\/h3>\n\n<h4 class=\"wp-block-heading\" id=\"bio-bio-10\">BIO&amp;BIO<\/h4>\n\n<ul class=\"wp-block-list\">\n<li>Osijek Ante Star\u010devi\u0107 Square 3<\/li>\n<\/ul>\n\n<h3 class=\"wp-block-heading\" id=\"primosten\">PRIVATE<\/h3>\n\n<h4 class=\"wp-block-heading\" id=\"tommy-11\">Tommy<\/h4>\n\n<ul class=\"wp-block-list\">\n<li>PROD.297 PRIMO\u0160TEN, Kamenar 2 F, 22202 Primo\u0161ten<\/li>\n<\/ul>\n\n<h3 class=\"wp-block-heading\" id=\"pula\">PULA<\/h3>\n\n<h4 class=\"wp-block-heading\" id=\"bio-bio-12\">BIO&amp;BIO<\/h4>\n\n<ul class=\"wp-block-list\">\n<li>Pula Fonti\u010dka ulica 4<\/li>\n<\/ul>\n\n<h4 class=\"wp-block-heading\" id=\"spar-hrvaska-13\">SPAR HRVASKA<\/h4>\n\n<ul class=\"wp-block-list\">\n<li>Pula, ul. Roman Centuriation 101, 52100 Pula<\/li>\n\n\n\n<li>Pula Santoriova, Santoriova 13, 52100 Pula<\/li>\n<\/ul>\n\n<h3 class=\"wp-block-heading\" id=\"rab\">RAB<\/h3>\n\n<h4 class=\"wp-block-heading\" id=\"tommy-14\">Tommy<\/h4>\n\n<ul class=\"wp-block-list\">\n<li>PROD.290 RAB, Palit 431 B, 51280 Rab<\/li>\n<\/ul>\n\n<h3 class=\"wp-block-heading\" id=\"rijeka\">RIJEKA<\/h3>\n\n<h4 class=\"wp-block-heading\" id=\"bio-bio-15\">BIO&amp;BIO<\/h4>\n\n<ul class=\"wp-block-list\">\n<li>Rijeka Ivana Zajca 24<\/li>\n<\/ul>\n\n<h4 class=\"wp-block-heading\" id=\"spar-hrvaska-16\">SPAR HRVASKA<\/h4>\n\n<ul class=\"wp-block-list\">\n<li>Rujevica, Ul. Maria Gennaria 18, 51000 Rijeka<\/li>\n\n\n\n<li>Tower, Janka Poli\u0107 Kamova 81a, Tower centar Rijeka, 51000 Rijeka<\/li>\n\n\n\n<li>Rijeka (Osje\u010dka), Osje\u010dka 29, 51000 Rijeka<\/li>\n<\/ul>\n\n<h3 class=\"wp-block-heading\" id=\"split\">SPLIT<\/h3>\n\n<h4 class=\"wp-block-heading\" id=\"bio-bio-17\">BIO&amp;BIO<\/h4>\n\n<ul class=\"wp-block-list\">\n<li>Split R. Bo\u0161kovi\u0107a bb<\/li>\n\n\n\n<li>Split Morpurga Poljana 2<\/li>\n\n\n\n<li>Split City Centre One<\/li>\n<\/ul>\n\n<h4 class=\"wp-block-heading\" id=\"interspar-18\">INTERSPAR<\/h4>\n\n<ul class=\"wp-block-list\">\n<li>Split Mall of Split, Josipa Jovi\u0107a 93, 21000 Split<\/li>\n\n\n\n<li>Split City Center One hypermarket, Vukovarska 207, 21000 Split<\/li>\n<\/ul>\n\n<h4 class=\"wp-block-heading\" id=\"tommy-19\">Tommy<\/h4>\n\n<ul class=\"wp-block-list\">\n<li>PROD.100 SPLIT-JOKER, Put Brodarice 6, 21000 Split<\/li>\n\n\n\n<li>PROD.109 SPLIT. RAVNE NJIVE, Domovinskog rata 93, 21000 Split<\/li>\n\n\n\n<li>PROD.140 SPLIT-\u017dNJAN, \u017dnjanska ulica 4, 21000 Split<\/li>\n\n\n\n<li>PROD.161 SPLIT-PRIMA3, Ru\u0111era Bo\u0161kovi\u0107a 18 A, 21000 Split<\/li>\n\n\n\n<li>PROD.200 SPLIT-KOTEKS, Matice Hrvatske 1, 21000 Split<\/li>\n<\/ul>\n\n<h3 class=\"wp-block-heading\" id=\"solin\">SOLIN<\/h3>\n\n<h4 class=\"wp-block-heading\" id=\"tommy-20\">Tommy<\/h4>\n\n<ul class=\"wp-block-list\">\n<li>PROD.190 SOLIN-MATO\u0160EVA 29, Mato\u0161eva 29, 21210 Solin<\/li>\n<\/ul>\n\n<h3 class=\"wp-block-heading\" id=\"stari-grad\">THE OLD FOREST<\/h3>\n\n<h4 class=\"wp-block-heading\" id=\"tommy-21\">Tommy<\/h4>\n\n<ul class=\"wp-block-list\">\n<li>PROD.196 STARI GRAD-TR.LUKA, Ferry port 2, 21460 Stari Grad<\/li>\n\n\n\n<li>PROD.327 STARIGRAD-F.TU\u0110MANA 18, Ulica dr. Franje Tu\u0111mana 18, 23244 Starigrad<\/li>\n<\/ul>\n\n<h3 class=\"wp-block-heading\" id=\"supetar\">SUPETAR<\/h3>\n\n<h4 class=\"wp-block-heading\" id=\"tommy-22\">Tommy<\/h4>\n\n<ul class=\"wp-block-list\">\n<li>PROD.323 SUPETAR-\u017dEDNO DRAGE, \u017dedno-Drage Street 1, 21400 Supetar<\/li>\n<\/ul>\n\n<h3 class=\"wp-block-heading\" id=\"sibenik\">SHIBENIK<\/h3>\n\n<h4 class=\"wp-block-heading\" id=\"tommy-23\">Tommy<\/h4>\n\n<ul class=\"wp-block-list\">\n<li>PROD.246 \u0160IBENIK-VIDICI, Stjepana Radi\u0107a 139, 22000 \u0160ibenik<\/li>\n<\/ul>\n\n<h3 class=\"wp-block-heading\" id=\"tar\">TAR<\/h3>\n\n<h4 class=\"wp-block-heading\" id=\"tommy-24\">Tommy<\/h4>\n\n<ul class=\"wp-block-list\">\n<li>PROD.260 TAR, Brajde 9, 52465 Tar<\/li>\n<\/ul>\n\n<h3 class=\"wp-block-heading\" id=\"umag\">UMAG<\/h3>\n\n<h4 class=\"wp-block-heading\" id=\"spar-hrvaska-25\">SPAR HRVASKA<\/h4>\n\n<ul class=\"wp-block-list\">\n<li>Umag, Bujska ulica (Via Buie) 1, 52470 Umag<\/li>\n<\/ul>\n\n<h3 class=\"wp-block-heading\" id=\"varazdin\">VARAZDIN<\/h3>\n\n<h4 class=\"wp-block-heading\" id=\"bio-bio-26\">BIO&amp;BIO<\/h4>\n\n<ul class=\"wp-block-list\">\n<li>Vara\u017edin Freedom Square 1<\/li>\n<\/ul>\n\n<h3 class=\"wp-block-heading\" id=\"vela-luka\">VELA LUKA<\/h3>\n\n<h4 class=\"wp-block-heading\" id=\"tommy-27\">Tommy<\/h4>\n\n<ul class=\"wp-block-list\">\n<li>PROD.176 VELA LUKA-ULICA 47, Ulica 47 53, 20270 Vela Luka<\/li>\n<\/ul>\n\n<h3 class=\"wp-block-heading\" id=\"vodice\">VODICE<\/h3>\n\n<h4 class=\"wp-block-heading\" id=\"tommy-28\">Tommy<\/h4>\n\n<ul class=\"wp-block-list\">\n<li>PROD.300 VODICE- \u0106IRILA I METOD, \u0106irila i Metoda 11, 22211 Vodice<\/li>\n<\/ul>\n\n<h3 class=\"wp-block-heading\" id=\"zadar\">FOR FREE<\/h3>\n\n<h4 class=\"wp-block-heading\" id=\"interspar-29\">INTERSPAR<\/h4>\n\n<ul class=\"wp-block-list\">\n<li>INTERSPAR hypermarket Zadar<\/li>\n\n\n\n<li>Bleiburg Victims 18, 23000 Zadar<\/li>\n<\/ul>\n\n<h4 class=\"wp-block-heading\" id=\"tommy-30\">Tommy<\/h4>\n\n<ul class=\"wp-block-list\">\n<li>PROD.304 ZADAR-PUT BOKANJCA, Put Bokanjca 37, 23000 Zadar<\/li>\n<\/ul>\n\n<h3 class=\"wp-block-heading\" id=\"zagreb\">ZAGREB<\/h3>\n\n<h4 class=\"wp-block-heading\" id=\"bio-bio-31\">BIO&amp;BIO<\/h4>\n\n<ul class=\"wp-block-list\">\n<li>Zagreb Oktogon<\/li>\n\n\n\n<li>Zagreb Ilica 70<\/li>\n\n\n\n<li>Zagreb Radni\u010dka<\/li>\n\n\n\n<li>Zagreb Robna ku\u0107a NAMA Kvatri\u0107<\/li>\n\n\n\n<li>Zagreb City Centre One West<\/li>\n\n\n\n<li>Zagreb City Centre One East<\/li>\n\n\n\n<li>Zagreb Avenue Mall<\/li>\n\n\n\n<li>Zagreb Arena centar<\/li>\n<\/ul>\n\n<h4 class=\"wp-block-heading\" id=\"spar-hrvaska-32\">SPAR HRVASKA<\/h4>\n\n<ul class=\"wp-block-list\">\n<li>CCO West, Jankomir 33, 10000 Zagreb<\/li>\n\n\n\n<li>Retkovec, ul. Knez Branimir 181, 10040 Zagreb<\/li>\n\n\n\n<li>Garden Mall, Rudolfa Kolaka Street 14, 10040 Zagreb<\/li>\n\n\n\n<li>Arena Lani\u0161te, Vice Vukova 6, 10000 Zagreb<\/li>\n\n\n\n<li>East, Slavonska avenija 11d, 10040 Zagreb<\/li>\n\n\n\n<li>ZG-Buzin, Av. V. Holjevca 62, 10010 Zagreb<\/li>\n\n\n\n<li>Labin ZG-Banjav\u010di\u0107eva, Banjav\u010di\u0107eva 13, 10000 Zagreb<\/li>\n<\/ul>\n\n<h1 class=\"wp-block-heading\" id=\"italija\">Italy<\/h1>\n\n<h3 class=\"wp-block-heading\" id=\"trieste\">Trieste<\/h3>\n\n<ul class=\"wp-block-list\">\n<li>L&#8217;Oasi Naturale di Giancarlo Starhaus,<br\/>Via Boccaccio 6<\/li>\n<\/ul>\n\n<h1 class=\"wp-block-heading\" id=\"srbija\">Serbia<\/h1>\n\n<p>In Serbia, you can find our ice cream in the following Mercators:<\/p>\n\n<h3 class=\"wp-block-heading\" id=\"beograd\">BEOGRAD<\/h3>\n\n<ul class=\"wp-block-list\">\n<li>OAZA BEOGRAD<\/li>\n\n\n\n<li>SUPER IMMOCENTAR BEOGRAD<\/li>\n\n\n\n<li>BELGRADE BOULEVARD<\/li>\n\n\n\n<li>BEOGRAD SUPER BE\u017dANIA PIECE<\/li>\n\n\n\n<li>SUPER EARS BELGRADE<\/li>\n\n\n\n<li>SUPER LIMAN 1 NEW FRUIT<\/li>\n\n\n\n<li>SUPERBLOCK 62 BELGRADE<\/li>\n\n\n\n<li>SUPER SOUTH BULEVAR BELGRADE<\/li>\n\n\n\n<li>LONDON BEOGRAD<\/li>\n\n\n\n<li>SUPERSTAR BELGRADE<\/li>\n\n\n\n<li>OLD CASTLE OF BELGRADE<\/li>\n\n\n\n<li>SUPER BELGRADE BELGRADE<\/li>\n\n\n\n<li>RODA VO\u017dDOVAC BELGRADE<\/li>\n\n\n\n<li>MISS IRBIJEVA BELGRADE<\/li>\n\n\n\n<li>SARAJEVO BELGRADE<\/li>\n\n\n\n<li>BRANICEVSKA BELGRADE<\/li>\n\n\n\n<li>GOCE DELCEVA BELGRADE<\/li>\n\n\n\n<li>BRACE JUGOVICA BELGRADE<\/li>\n\n\n\n<li>BLOCK 63 BELGRADE<\/li>\n\n\n\n<li>STRUMICKA BELGRADE<\/li>\n\n\n\n<li>RESIDENCE BELGRADE<\/li>\n\n\n\n<li>QUEEN NATALIA BELGRADE<\/li>\n\n\n\n<li>CARA URO\u0160A BELGRADE<\/li>\n\n\n\n<li>IDEA ORGANIC KNEZ MILOS BELGRADE<\/li>\n\n\n\n<li>BELGRADE HYPERMARKET<\/li>\n\n\n\n<li>BANOVO BRDO BELGRADE<\/li>\n\n\n\n<li>RODA MEGA FOB BELGRADE<\/li>\n<\/ul>\n\n<h3 class=\"wp-block-heading\" id=\"nis\">NI\u0160<\/h3>\n\n<ul class=\"wp-block-list\">\n<li>SUPER NICHE MEDIA<\/li>\n\n\n\n<li>SUPER OUR OWN<\/li>\n\n\n\n<li>MEGA NICE FAMILY<\/li>\n<\/ul>\n\n<h3 class=\"wp-block-heading\" id=\"novi-sad\">NEW SAD<\/h3>\n\n<ul class=\"wp-block-list\">\n<li>NOVI SAD HYPERMARKET<\/li>\n\n\n\n<li>NEW FRUIT OF BREMEN<\/li>\n\n\n\n<li>PATRIJARHA PAVLA NOVI SAD<\/li>\n\n\n\n<li>SVETISLAV KASAPINOVEC NOVI SAD<\/li>\n\n\n\n<li>NEW FRUIT<\/li>\n<\/ul>\n\n<h3 class=\"wp-block-heading\" id=\"smederevo\">SMEDEREVO<\/h3>\n\n<ul class=\"wp-block-list\">\n<li>SUPER CENTAR 3 SMEDEREVO<\/li>\n<\/ul>\n\n<h3 class=\"wp-block-heading\" id=\"subotica\">SUBOTICA<\/h3>\n\n<ul class=\"wp-block-list\">\n<li>CENTAR 2 SUBOTICA<\/li>\n<\/ul>\n\n<h3 class=\"wp-block-heading\" id=\"kragujevac\">KRAGUJEVAC<\/h3>\n\n<ul class=\"wp-block-list\">\n<li>SUPER PLAZA KRAGUJEVAC<\/li>\n<\/ul>\n\n<h1 class=\"wp-block-heading\" id=\"severna-makedonija\">North Macedonia<\/h1>\n\n<h3 class=\"wp-block-heading\" id=\"skopje\">Skopje:<\/h3>\n\n<ul class=\"wp-block-list\">\n<li>TINEX East Gate<\/li>\n\n\n\n<li>TINEX Flower Market<\/li>\n\n\n\n<li>TINEX Dramatic<\/li>\n\n\n\n<li>TINEX Lisa<\/li>\n\n\n\n<li>TINEX Rade Koncar<\/li>\n\n\n\n<li>TINEX Prashka<\/li>\n\n\n\n<li>TINEX Water<\/li>\n\n\n\n<li>TINEX Zebra<\/li>\n\n\n\n<li>TINEX Bunjakovec<\/li>\n\n\n\n<li>TINEX Beko<\/li>\n<\/ul>\n\n<ul class=\"wp-block-list\">\n<li>VERO 2<\/li>\n\n\n\n<li>VERO Jumbo<\/li>\n<\/ul>\n\n<ul class=\"wp-block-list\">\n<li>RAMSTOR City Mall<\/li>\n\n\n\n<li>RAMSTOR Vardar<\/li>\n\n\n\n<li>RAMSTOR Capitol Mall<\/li>\n\n\n\n<li>RAMSTOR Water<\/li>\n\n\n\n<li>TABAKO GOGI &#8211; ul. Macedonia<\/li>\n<\/ul>\n\n<h3 class=\"wp-block-heading\" id=\"ohrid\">Ohrid:<\/h3>\n\n<ul class=\"wp-block-list\">\n<li>TAMARO MARKETS<\/li>\n<\/ul>\n","protected":false},"excerpt":{"rendered":"<p>Slovenia Hofer outlets across Slovenia Ljubljana Dill Nova Gorica Idrija Kranj \u0160kofja loka Bled Lesce Kamnik Menge\u0161 Grosuplje Ivan\u010dna Gorica Novo mesto Trbovlje Celje Velenje Maribor Murska Sobota Croatia BA\u0160KA Tommy BOL ON THE BRACH BIOMANIA DUBROVNIK BIO&amp;BIO Tommy DUGO POLJE Tommy LAKES Tommy KA\u0160TEL SU\u0106URAC INTERSPAR KARLOVAC INTERSPAR CORCULA Tommy LABIN SPAR HRVASKA MAKARSKA [&hellip;]<\/p>\n","protected":false},"author":1,"featured_media":0,"parent":0,"menu_order":0,"comment_status":"closed","ping_status":"closed","template":"","meta":{"_acf_changed":false,"footnotes":""},"class_list":["post-2462","page","type-page","status-publish","hentry"],"acf":[],"_links":{"self":[{"href":"https:\/\/indyandpippa.com\/en\/wp-json\/wp\/v2\/pages\/2462","targetHints":{"allow":["GET"]}}],"collection":[{"href":"https:\/\/indyandpippa.com\/en\/wp-json\/wp\/v2\/pages"}],"about":[{"href":"https:\/\/indyandpippa.com\/en\/wp-json\/wp\/v2\/types\/page"}],"author":[{"embeddable":true,"href":"https:\/\/indyandpippa.com\/en\/wp-json\/wp\/v2\/users\/1"}],"replies":[{"embeddable":true,"href":"https:\/\/indyandpippa.com\/en\/wp-json\/wp\/v2\/comments?post=2462"}],"version-history":[{"count":4,"href":"https:\/\/indyandpippa.com\/en\/wp-json\/wp\/v2\/pages\/2462\/revisions"}],"predecessor-version":[{"id":3067,"href":"https:\/\/indyandpippa.com\/en\/wp-json\/wp\/v2\/pages\/2462\/revisions\/3067"}],"wp:attachment":[{"href":"https:\/\/indyandpippa.com\/en\/wp-json\/wp\/v2\/media?parent=2462"}],"curies":[{"name":"wp","href":"https:\/\/api.w.org\/{rel}","templated":true}]}}