{"id":2484,"date":"2024-01-26T23:18:46","date_gmt":"2024-01-26T22:18:46","guid":{"rendered":"https:\/\/indyandpippa.com\/prica\/"},"modified":"2024-07-12T12:08:10","modified_gmt":"2024-07-12T11:08:10","slug":"prica","status":"publish","type":"page","link":"https:\/\/indyandpippa.com\/hr\/prica\/","title":{"rendered":"Pri\u010da"},"content":{"rendered":"\n<div class=\"wp-block-columns alignwide homepage-media is-layout-flex wp-container-core-columns-is-layout-28f84493 wp-block-columns-is-layout-flex\">\n<div class=\"wp-block-column is-vertically-aligned-top is-layout-flow wp-block-column-is-layout-flow\">\n<figure class=\"wp-block-gallery has-nested-images columns-default is-cropped wp-block-gallery-1 is-layout-flex wp-block-gallery-is-layout-flex\">\n<figure class=\"wp-block-image size-large is-style-default\"><a href=\"http:\/\/indyandpippa.com\/wp-content\/uploads\/2024\/03\/INDYPIPPA1015_web.jpg\"><img loading=\"lazy\" decoding=\"async\" width=\"949\" height=\"1423\" data-id=\"1598\" src=\"http:\/\/indyandpippa.com\/wp-content\/uploads\/2024\/03\/INDYPIPPA1015_web.jpg\" alt=\"\" class=\"wp-image-1598\" title=\"\" srcset=\"https:\/\/indyandpippa.com\/wp-content\/uploads\/2024\/03\/INDYPIPPA1015_web.jpg 949w, https:\/\/indyandpippa.com\/wp-content\/uploads\/2024\/03\/INDYPIPPA1015_web-534x800.jpg 534w, https:\/\/indyandpippa.com\/wp-content\/uploads\/2024\/03\/INDYPIPPA1015_web-267x400.jpg 267w\" sizes=\"auto, (max-width: 949px) 100vw, 949px\" \/><\/a><figcaption class=\"wp-element-caption\">Alen Kobilica<\/figcaption><\/figure>\n\n\n\n<figure class=\"wp-block-image alignwide size-large\"><a href=\"http:\/\/indyandpippa.com\/wp-content\/uploads\/2024\/03\/INDYPIPPA0912_web.jpg\"><img loading=\"lazy\" decoding=\"async\" width=\"1011\" height=\"1517\" data-id=\"1601\" src=\"http:\/\/indyandpippa.com\/wp-content\/uploads\/2024\/03\/INDYPIPPA0912_web.jpg\" alt=\"\" class=\"wp-image-1601\" title=\"\" srcset=\"https:\/\/indyandpippa.com\/wp-content\/uploads\/2024\/03\/INDYPIPPA0912_web.jpg 1011w, https:\/\/indyandpippa.com\/wp-content\/uploads\/2024\/03\/INDYPIPPA0912_web-533x800.jpg 533w, https:\/\/indyandpippa.com\/wp-content\/uploads\/2024\/03\/INDYPIPPA0912_web-267x400.jpg 267w\" sizes=\"auto, (max-width: 1011px) 100vw, 1011px\" \/><\/a><figcaption class=\"wp-element-caption\">Nata\u0161a \u0160truc<\/figcaption><\/figure>\n\n\n\n<figure class=\"wp-block-image size-large\"><a href=\"http:\/\/indyandpippa.com\/wp-content\/uploads\/2024\/03\/INDYPIPPA0811-1_web.jpg\"><img loading=\"lazy\" decoding=\"async\" width=\"912\" height=\"1368\" data-id=\"1604\" src=\"http:\/\/indyandpippa.com\/wp-content\/uploads\/2024\/03\/INDYPIPPA0811-1_web.jpg\" alt=\"\" class=\"wp-image-1604\" title=\"\" srcset=\"https:\/\/indyandpippa.com\/wp-content\/uploads\/2024\/03\/INDYPIPPA0811-1_web.jpg 912w, https:\/\/indyandpippa.com\/wp-content\/uploads\/2024\/03\/INDYPIPPA0811-1_web-533x800.jpg 533w, https:\/\/indyandpippa.com\/wp-content\/uploads\/2024\/03\/INDYPIPPA0811-1_web-267x400.jpg 267w\" sizes=\"auto, (max-width: 912px) 100vw, 912px\" \/><\/a><figcaption class=\"wp-element-caption\">Karin \u0160imonka<\/figcaption><\/figure>\n<\/figure>\n<\/div>\n\n\n\n<div class=\"wp-block-column is-vertically-aligned-top is-layout-flow wp-block-column-is-layout-flow\">\n<h2 class=\"wp-block-heading\">Iza brenda Indy&amp;Pippa stoji tim stru\u010dnjaka i vizionara tvrtke INDY &amp; PIPPA d.o.o.<\/h2>\n\n\n\n<div style=\"height:20px\" aria-hidden=\"true\" class=\"wp-block-spacer\"><\/div>\n\n\n\n<h3 class=\"wp-block-heading\">\u017divimo za odr\u017eiv na\u010din \u017eivota, svi na\u0161i proizvodi su isklju\u010divo organski sastojci i biljnog podrijetla. Proizvodnja se nalazi u Trzinu u Sloveniji.<\/h3>\n\n\n\n<div style=\"height:50px\" aria-hidden=\"true\" class=\"wp-block-spacer\"><\/div>\n\n\n\n<div class=\"wp-block-buttons is-layout-flex wp-block-buttons-is-layout-flex\">\n<div class=\"wp-block-button is-style-ozadje\"><a class=\"wp-block-button__link wp-element-button\" href=\"http:\/\/indyandpippa.com\/trgovina\/\">TRGOVINA<\/a><\/div>\n<\/div>\n<\/div>\n<\/div>\n\n<div style=\"height:100px\" aria-hidden=\"true\" class=\"wp-block-spacer\"><\/div>\n\n<div class=\"wp-block-group alignfull has-accent-2-background-color has-background is-layout-constrained wp-block-group-is-layout-constrained\">\n<div style=\"height:100px\" aria-hidden=\"true\" class=\"wp-block-spacer\"><\/div>\n\n\n\n<h1 class=\"wp-block-heading alignwide has-text-align-center has-accent-1-color has-text-color has-link-color wp-elements-3a9096015489a500e76774db989333dd\">Koje je na\u0161e obe\u0107anje?<\/h1>\n\n\n\n<div style=\"height:40px\" aria-hidden=\"true\" class=\"wp-block-spacer\"><\/div>\n\n\n\n<div class=\"wp-block-columns alignwide nasa-obljuba is-layout-flex wp-container-core-columns-is-layout-28f84493 wp-block-columns-is-layout-flex\">\n<div class=\"wp-block-column is-layout-flow wp-block-column-is-layout-flow\">\n<figure class=\"wp-block-image aligncenter size-full is-resized noevent is-style-invert margin-bottom-0\"><a href=\"https:\/\/indyandpippa.com\/wp-content\/uploads\/2024\/03\/IP_web_icons-01.png\"><img loading=\"lazy\" decoding=\"async\" width=\"400\" height=\"400\" src=\"https:\/\/indyandpippa.com\/wp-content\/uploads\/2024\/03\/IP_web_icons-01.png\" alt=\"\" class=\"wp-image-1565\" style=\"object-fit:cover;width:120px;height:120px\" title=\"\"><\/a><\/figure>\n\n\n\n<h3 class=\"wp-block-heading has-text-align-center has-accent-1-color has-text-color has-link-color wp-elements-cf2c630500ff8524027d431947859047\">BEZ GLUTENA<\/h3>\n\n\n\n<p class=\"has-text-align-center has-accent-1-color has-text-color has-link-color wp-elements-06b4265f210c0598932a942ca14fed2e\">U proizvodnji ne koristimo gluten.<\/p>\n<\/div>\n\n\n\n<div class=\"wp-block-column is-layout-flow wp-block-column-is-layout-flow\">\n<figure class=\"wp-block-image aligncenter size-full is-resized noevent is-style-invert margin-bottom-0\"><a href=\"https:\/\/indyandpippa.com\/wp-content\/uploads\/2024\/03\/IP_web_icons-02.png\"><img loading=\"lazy\" decoding=\"async\" width=\"400\" height=\"400\" src=\"https:\/\/indyandpippa.com\/wp-content\/uploads\/2024\/03\/IP_web_icons-02.png\" alt=\"\" class=\"wp-image-1562\" style=\"object-fit:cover;width:120px;height:120px\" title=\"\"><\/a><\/figure>\n\n\n\n<h3 class=\"wp-block-heading has-text-align-center has-accent-1-color has-text-color has-link-color wp-elements-099081bebc34fee8299cf42bbc79f7ea\">VEGAN<\/h3>\n\n\n\n<p class=\"has-text-align-center has-accent-1-color has-text-color has-link-color wp-elements-789061fa87e9c75c9725bda3e23f4d0d\">Na\u0161i proizvodi ne sadr\u017ee sastojke \u017eivotinjskog podrijetla, odnosno bez mlijeka i jaja.<\/p>\n<\/div>\n\n\n\n<div class=\"wp-block-column is-layout-flow wp-block-column-is-layout-flow\">\n<figure class=\"wp-block-image aligncenter size-full is-resized noevent is-style-invert margin-bottom-0\"><a href=\"https:\/\/indyandpippa.com\/wp-content\/uploads\/2024\/03\/IP_web_icons-03.png\"><img loading=\"lazy\" decoding=\"async\" width=\"400\" height=\"400\" src=\"https:\/\/indyandpippa.com\/wp-content\/uploads\/2024\/03\/IP_web_icons-03.png\" alt=\"\" class=\"wp-image-1559\" style=\"object-fit:cover;width:120px;height:120px\" title=\"\"><\/a><\/figure>\n\n\n\n<h3 class=\"wp-block-heading has-text-align-center has-accent-1-color has-text-color has-link-color wp-elements-8f533f554c48a19489149477947352cd\">BEZ RAFINIRANOG \u0160E\u0106ERA<\/h3>\n\n\n\n<p class=\"has-text-align-center has-accent-1-color has-text-color has-link-color wp-elements-454351dc23c02119d12842a17ac310a0\">Koristimo samo prirodna sladila kao \u0161to su javorov sirup i kokosov \u0161e\u0107er.<\/p>\n<\/div>\n\n\n\n<div class=\"wp-block-column is-layout-flow wp-block-column-is-layout-flow\">\n<figure class=\"wp-block-image aligncenter size-full is-resized noevent is-style-invert margin-bottom-0\"><a href=\"https:\/\/indyandpippa.com\/wp-content\/uploads\/2024\/07\/eko-certifikat-logo.jpg\"><img loading=\"lazy\" decoding=\"async\" width=\"690\" height=\"532\" src=\"https:\/\/indyandpippa.com\/wp-content\/uploads\/2024\/07\/eko-certifikat-logo.jpg\" alt=\"\" class=\"wp-image-3035\" style=\"object-fit:contain;width:120px;height:120px\" title=\"\" srcset=\"https:\/\/indyandpippa.com\/wp-content\/uploads\/2024\/07\/eko-certifikat-logo.jpg 690w, https:\/\/indyandpippa.com\/wp-content\/uploads\/2024\/07\/eko-certifikat-logo-400x308.jpg 400w\" sizes=\"auto, (max-width: 690px) 100vw, 690px\" \/><\/a><\/figure>\n\n\n\n<h3 class=\"wp-block-heading has-text-align-center has-accent-1-color has-text-color has-link-color wp-elements-f307891b0c72383e0e9146df886dfe5c\">BIO SASTOJCI<\/h3>\n\n\n\n<p class=\"has-text-align-center has-accent-1-color has-text-color has-link-color wp-elements-7d813af863a785557572de52179a33d6\">Svi na\u0161i proizvodi su ekolo\u0161ki certificirani, \u0161to zna\u010di da su napravljeni samo od organskih sastojaka.<\/p>\n<\/div>\n<\/div>\n\n\n\n<div style=\"height:100px\" aria-hidden=\"true\" class=\"wp-block-spacer\"><\/div>\n<\/div>\n\n<div class=\"wp-block-columns alignfull is-style-edge-left has-background is-layout-flex wp-container-core-columns-is-layout-5016e1a0 wp-block-columns-is-layout-flex\" style=\"background-color:#b28d5d\">\n<div class=\"wp-block-column is-layout-flow wp-block-column-is-layout-flow\">\n<div class=\"wp-block-cover is-light has-custom-content-position is-position-bottom-center\" style=\"min-height:600px;aspect-ratio:unset;\"><span aria-hidden=\"true\" class=\"wp-block-cover__background has-background-dim-0 has-background-dim\"><\/span><img loading=\"lazy\" decoding=\"async\" width=\"1970\" height=\"1398\" class=\"wp-block-cover__image-background wp-image-1139\" alt=\"\" src=\"http:\/\/indyandpippa.com\/wp-content\/uploads\/2024\/01\/sladoled2.jpg\" data-object-fit=\"cover\" title=\"\" srcset=\"https:\/\/indyandpippa.com\/wp-content\/uploads\/2024\/01\/sladoled2.jpg 1970w, https:\/\/indyandpippa.com\/wp-content\/uploads\/2024\/01\/sladoled2-800x568.jpg 800w, https:\/\/indyandpippa.com\/wp-content\/uploads\/2024\/01\/sladoled2-1600x1135.jpg 1600w, https:\/\/indyandpippa.com\/wp-content\/uploads\/2024\/01\/sladoled2-400x284.jpg 400w\" sizes=\"auto, (max-width: 1970px) 100vw, 1970px\" \/><div class=\"wp-block-cover__inner-container is-layout-constrained wp-block-cover-is-layout-constrained\">\n<p class=\"has-text-align-center has-white-color has-text-color has-link-color has-large-font-size wp-elements-cc1ac4f9fa61c7e36fde9daf52446703\"><strong>Do\u010daravamo osmijeh na licu!<\/strong><\/p>\n<\/div><\/div>\n<\/div>\n\n\n\n<div class=\"wp-block-column is-vertically-aligned-center is-layout-flow wp-block-column-is-layout-flow\">\n<h2 class=\"wp-block-heading has-text-align-left is-style-heading-h2 has-black-color has-text-color has-link-color wp-elements-d1196c8074eedb4b66b380c1998ddf25\">Talijanski recept<br\/>Gurmanski okusi<br\/>Kremasta tekstura<br\/>Prirodni sastojci<br\/>Veganski sastojci<br\/>Prilago\u0111eno tijelu<\/h2>\n<\/div>\n<\/div>\n\n<div class=\"wp-block-columns alignfull is-style-edge-right has-white-color has-text-color has-background has-link-color wp-elements-0a36dd9a8ce85909ffa0f705aa9ada44 is-layout-flex wp-container-core-columns-is-layout-5016e1a0 wp-block-columns-is-layout-flex\" style=\"background-color:#7a3141\">\n<div class=\"wp-block-column is-layout-flow wp-block-column-is-layout-flow\" style=\"padding-top:var(--wp--preset--spacing--medium);padding-bottom:var(--wp--preset--spacing--medium)\">\n<h2 class=\"wp-block-heading is-style-heading-h1\">Tri prijatelja, jedna pri\u010da<\/h2>\n\n\n\n<p><br\/>Indy &amp; Pippa pri\u010da je o strasti, autenti\u010dnosti i beskompromisnosti, hrabrosti i ustrajnosti te pravim \u017eivotnim kombinacijama. To je ostvarenje \u017eelje da se na zdrav i odr\u017eiv na\u010din izmami osmijeh, sre\u0107a, najsla\u0111e ludilo ili povremeno prijeko potrebna sluz, bez pre\u010daca proiza\u0161lih iz \u010de\u017enje za lajkovima. To je najbolja poslastica na svijetu &#8211; za sve koji vole dobro jesti, ali ne nau\u0161trb ljudskog zdravlja i okoli\u0161a.<\/p>\n\n\n\n<p>Temeljni trio Indy&amp;Pippa \u2013 Karin, Nata\u0161a i Alen \u2013 koji zna ono \u0161to ne zna, ali u svojoj odli\u010dnoj kombinaciji uporno i uspje\u0161no hvata bigu za rogove, stavlja na prvo mjesto odnose s partnerima, dobavlja\u010dima, kupcima i zaposlenicima, cijelim Indy&amp;Pippa timom. To su srda\u010dni, sretni, uporni i predani ljudi koji se brinu da se najbolji sastojci mije\u0161aju na najbolji na\u010din, pune ekolo\u0161ki prihvatljivim loncima i svjetlima s ljubavlju i toliko isporu\u010duju.<\/p>\n\n\n\n<p><strong>Indy&amp;Pippa sladoledi su jednostavno dobri!  <\/strong>Jer prvo postoje zbog velike ljubavi prema sladoledu, od koje Karin, Nata\u0161a i Alen nisu htjeli odustati samo zato \u0161to smo odabrali zdrav i odgovoran na\u010din \u017eivota. I zato \u0161to vjerujemo da &#8211; zato \u0161to je prevelik katalizator za najsla\u0111e emocije &#8211; nitko ga ne bi trebao poricati. Na\u0161i mali\u0161ani kimnuli su posljednjih nekoliko godina i na samim po\u010decima &#8216;najbolji prijatelji&#8217; Indy i Pippa.<\/p>\n<\/div>\n\n\n\n<div class=\"wp-block-column is-layout-flow wp-block-column-is-layout-flow\">\n<div class=\"wp-block-cover alignfull is-light has-custom-content-position is-position-bottom-center\" style=\"min-height:100%;aspect-ratio:unset;\"><span aria-hidden=\"true\" class=\"wp-block-cover__background has-background-dim-0 has-background-dim\" style=\"background-color:#8f6e54\"><\/span><img loading=\"lazy\" decoding=\"async\" width=\"1092\" height=\"766\" class=\"wp-block-cover__image-background wp-image-1134\" alt=\"\" src=\"http:\/\/indyandpippa.com\/wp-content\/uploads\/2024\/01\/sladoled1.jpg\" data-object-fit=\"cover\" title=\"\" srcset=\"https:\/\/indyandpippa.com\/wp-content\/uploads\/2024\/01\/sladoled1.jpg 1092w, https:\/\/indyandpippa.com\/wp-content\/uploads\/2024\/01\/sladoled1-800x561.jpg 800w, https:\/\/indyandpippa.com\/wp-content\/uploads\/2024\/01\/sladoled1-400x281.jpg 400w\" sizes=\"auto, (max-width: 1092px) 100vw, 1092px\" \/><div class=\"wp-block-cover__inner-container is-layout-constrained wp-block-cover-is-layout-constrained\">\n<pre class=\"wp-block-verse has-text-align-center is-style-poudarek has-large-font-size\"><strong>To smo mi!<\/strong><\/pre>\n<\/div><\/div>\n<\/div>\n<\/div>\n\n<div style=\"height:100px\" aria-hidden=\"true\" class=\"wp-block-spacer\"><\/div>\n\n<figure class=\"wp-block-image size-large\"><a href=\"http:\/\/indyandpippa.com\/wp-content\/uploads\/2024\/03\/MG_1518_1insta.jpg\"><img loading=\"lazy\" decoding=\"async\" width=\"1500\" height=\"1000\" src=\"http:\/\/indyandpippa.com\/wp-content\/uploads\/2024\/03\/MG_1518_1insta.jpg\" alt=\"\" class=\"wp-image-1594\" title=\"\" srcset=\"https:\/\/indyandpippa.com\/wp-content\/uploads\/2024\/03\/MG_1518_1insta.jpg 1500w, https:\/\/indyandpippa.com\/wp-content\/uploads\/2024\/03\/MG_1518_1insta-800x533.jpg 800w, https:\/\/indyandpippa.com\/wp-content\/uploads\/2024\/03\/MG_1518_1insta-400x267.jpg 400w\" sizes=\"auto, (max-width: 1500px) 100vw, 1500px\" \/><\/a><figcaption class=\"wp-element-caption\"><strong>Nata\u0161a i Alen&amp;Karin<\/strong><\/figcaption><\/figure>\n\n<h2 class=\"wp-block-heading has-text-align-center\">CERTIFIKATI<\/h2>\n\n<figure class=\"wp-block-gallery has-nested-images columns-4 is-cropped is-style-trak wp-block-gallery-2 is-layout-flex wp-block-gallery-is-layout-flex\">\n<figure class=\"wp-block-image aligncenter size-full is-resized\"><a href=\"http:\/\/indyandpippa.com\/wp-content\/uploads\/2024\/01\/Ekoloski_EU_RGB-white-small.png\"><img loading=\"lazy\" decoding=\"async\" width=\"160\" height=\"144\" data-id=\"1007\" src=\"http:\/\/indyandpippa.com\/wp-content\/uploads\/2024\/01\/Ekoloski_EU_RGB-white-small.png\" alt=\"\" class=\"wp-image-1007\" style=\"object-fit:contain;width:150px;height:100px\" title=\"\"><\/a><\/figure>\n\n\n\n<figure class=\"wp-block-image size-full\"><a href=\"http:\/\/indyandpippa.com\/wp-content\/uploads\/2024\/01\/ifs-certifikat.png\"><img loading=\"lazy\" decoding=\"async\" width=\"1467\" height=\"720\" data-id=\"2384\" src=\"http:\/\/indyandpippa.com\/wp-content\/uploads\/2024\/01\/ifs-certifikat.png\" alt=\"\" class=\"wp-image-2384\" title=\"\" srcset=\"https:\/\/indyandpippa.com\/wp-content\/uploads\/2024\/01\/ifs-certifikat.png 1467w, https:\/\/indyandpippa.com\/wp-content\/uploads\/2024\/01\/ifs-certifikat-800x393.png 800w, https:\/\/indyandpippa.com\/wp-content\/uploads\/2024\/01\/ifs-certifikat-400x196.png 400w\" sizes=\"auto, (max-width: 1467px) 100vw, 1467px\" \/><\/a><\/figure>\n<\/figure>\n\n<div style=\"height:25px\" aria-hidden=\"true\" class=\"wp-block-spacer\"><\/div>\n\n<div class=\"wp-block-group alignfull has-accent-2-background-color has-background is-layout-constrained wp-block-group-is-layout-constrained\">\n<div style=\"height:10px\" aria-hidden=\"true\" class=\"wp-block-spacer\"><\/div>\n\n\n\n<div style=\"height:100px\" aria-hidden=\"true\" class=\"wp-block-spacer\"><\/div>\n\n\n\n<h2 class=\"wp-block-heading alignwide has-text-align-center is-style-heading-h1 has-accent-1-color has-text-color has-link-color wp-elements-e9cb622b22bb95e4323bbd4387f45b44\">Jeste li zainteresirani za predstavljanje Indy&amp;Pippa sladoleda na svom doga\u0111aju? Mo\u017eete li zamisliti da imate \u0161krinju s bo\u017eanskim sladoledima dostupnim na va\u0161em radnom mjestu?<\/h2>\n\n\n\n<h3 class=\"wp-block-heading alignwide has-text-align-center has-accent-1-color has-text-color has-link-color wp-elements-f22492384340d5d0da8cd63c1dc0bf61\">Radujemo se suradnji kod ku\u0107e i izvan granica Slovenije.<\/h3>\n\n\n\n<div style=\"height:25px\" aria-hidden=\"true\" class=\"wp-block-spacer\"><\/div>\n\n\n\n<div style=\"height:100px\" aria-hidden=\"true\" class=\"wp-block-spacer\"><\/div>\n<\/div>\n","protected":false},"excerpt":{"rendered":"<p>Iza brenda Indy&amp;Pippa stoji tim stru\u010dnjaka i vizionara tvrtke INDY &amp; PIPPA d.o.o. \u017divimo za odr\u017eiv na\u010din \u017eivota, svi na\u0161i proizvodi su isklju\u010divo organski sastojci i biljnog podrijetla. Proizvodnja se nalazi u Trzinu u Sloveniji. Koje je na\u0161e obe\u0107anje? Talijanski receptGurmanski okusiKremasta teksturaPrirodni sastojciVeganski sastojciPrilago\u0111eno tijelu Tri prijatelja, jedna pri\u010da Indy &amp; Pippa pri\u010da je [&hellip;]<\/p>\n","protected":false},"author":4,"featured_media":1320,"parent":0,"menu_order":0,"comment_status":"closed","ping_status":"closed","template":"","meta":{"_acf_changed":false,"footnotes":""},"class_list":["post-2484","page","type-page","status-publish","has-post-thumbnail","hentry"],"acf":[],"_links":{"self":[{"href":"https:\/\/indyandpippa.com\/hr\/wp-json\/wp\/v2\/pages\/2484","targetHints":{"allow":["GET"]}}],"collection":[{"href":"https:\/\/indyandpippa.com\/hr\/wp-json\/wp\/v2\/pages"}],"about":[{"href":"https:\/\/indyandpippa.com\/hr\/wp-json\/wp\/v2\/types\/page"}],"author":[{"embeddable":true,"href":"https:\/\/indyandpippa.com\/hr\/wp-json\/wp\/v2\/users\/4"}],"replies":[{"embeddable":true,"href":"https:\/\/indyandpippa.com\/hr\/wp-json\/wp\/v2\/comments?post=2484"}],"version-history":[{"count":22,"href":"https:\/\/indyandpippa.com\/hr\/wp-json\/wp\/v2\/pages\/2484\/revisions"}],"predecessor-version":[{"id":2669,"href":"https:\/\/indyandpippa.com\/hr\/wp-json\/wp\/v2\/pages\/2484\/revisions\/2669"}],"wp:featuredmedia":[{"embeddable":true,"href":"https:\/\/indyandpippa.com\/hr\/wp-json\/wp\/v2\/media\/1320"}],"wp:attachment":[{"href":"https:\/\/indyandpippa.com\/hr\/wp-json\/wp\/v2\/media?parent=2484"}],"curies":[{"name":"wp","href":"https:\/\/api.w.org\/{rel}","templated":true}]}}