{"id":2714,"date":"2024-04-16T13:17:53","date_gmt":"2024-04-16T12:17:53","guid":{"rendered":"https:\/\/indyandpippa.com\/kokosov-veganski-sladoled-na-stapicu-s-tamnom-cokoladom-cool-nut\/"},"modified":"2024-09-10T11:54:10","modified_gmt":"2024-09-10T10:54:10","slug":"kokosov-veganski-sladoled-na-stapicu-s-tamnom-cokoladom-cool-nut","status":"publish","type":"product","link":"https:\/\/indyandpippa.com\/hr\/kokosov-veganski-sladoled-na-stapicu-s-tamnom-cokoladom-cool-nut\/","title":{"rendered":"Kokosov veganski sladoled na \u0161tapi\u0107u s tamnom \u010dokoladom COOL NUT"},"content":{"rendered":"","protected":false},"excerpt":{"rendered":"","protected":false},"featured_media":1925,"comment_status":"closed","ping_status":"closed","template":"","meta":{"_acf_changed":false},"product_brand":[],"product_cat":[123,137],"product_tag":[],"class_list":{"0":"post-2714","1":"product","2":"type-product","3":"status-publish","4":"has-post-thumbnail","6":"product_cat-sladoled-hr","7":"product_cat-sladoled-na-stapicu","8":"product_shipping_class-sladoled","10":"first","11":"instock","12":"taxable","13":"shipping-taxable","14":"purchasable","15":"product-type-simple"},"acf":[],"_links":{"self":[{"href":"https:\/\/indyandpippa.com\/hr\/wp-json\/wp\/v2\/product\/2714","targetHints":{"allow":["GET"]}}],"collection":[{"href":"https:\/\/indyandpippa.com\/hr\/wp-json\/wp\/v2\/product"}],"about":[{"href":"https:\/\/indyandpippa.com\/hr\/wp-json\/wp\/v2\/types\/product"}],"replies":[{"embeddable":true,"href":"https:\/\/indyandpippa.com\/hr\/wp-json\/wp\/v2\/comments?post=2714"}],"wp:featuredmedia":[{"embeddable":true,"href":"https:\/\/indyandpippa.com\/hr\/wp-json\/wp\/v2\/media\/1925"}],"wp:attachment":[{"href":"https:\/\/indyandpippa.com\/hr\/wp-json\/wp\/v2\/media?parent=2714"}],"wp:term":[{"taxonomy":"product_brand","embeddable":true,"href":"https:\/\/indyandpippa.com\/hr\/wp-json\/wp\/v2\/product_brand?post=2714"},{"taxonomy":"product_cat","embeddable":true,"href":"https:\/\/indyandpippa.com\/hr\/wp-json\/wp\/v2\/product_cat?post=2714"},{"taxonomy":"product_tag","embeddable":true,"href":"https:\/\/indyandpippa.com\/hr\/wp-json\/wp\/v2\/product_tag?post=2714"}],"curies":[{"name":"wp","href":"https:\/\/api.w.org\/{rel}","templated":true}]}}