{"id":2715,"date":"2024-04-16T13:07:40","date_gmt":"2024-04-16T12:07:40","guid":{"rendered":"https:\/\/indyandpippa.com\/mango-veganski-sladoled-easy-mango\/"},"modified":"2024-08-05T19:41:15","modified_gmt":"2024-08-05T18:41:15","slug":"mango-veganski-sladoled-easy-mango","status":"publish","type":"product","link":"https:\/\/indyandpippa.com\/hr\/mango-veganski-sladoled-easy-mango\/","title":{"rendered":"Mango veganski sladoled EASY MANGO"},"content":{"rendered":"","protected":false},"excerpt":{"rendered":"<p><span data-sanitized-data-mce-fragment=\"1\">To osloba\u0111a tvoj duh.  <\/span><span data-sanitized-data-mce-fragment=\"1\">U svakoj \u017eli\u010dici manga ima toliko snage za vlastiti, mirni \u017eivot!<\/span><\/p>\n","protected":false},"featured_media":1888,"comment_status":"closed","ping_status":"closed","template":"","meta":{"_acf_changed":false},"product_brand":[],"product_cat":[177,124,123],"product_tag":[],"class_list":{"0":"post-2715","1":"product","2":"type-product","3":"status-publish","4":"has-post-thumbnail","6":"product_cat-kampanja","7":"product_cat-lonci","8":"product_cat-sladoled-hr","9":"product_shipping_class-sladoled","11":"first","12":"instock","13":"taxable","14":"shipping-taxable","15":"purchasable","16":"product-type-variable","17":"has-default-attributes"},"acf":[],"_links":{"self":[{"href":"https:\/\/indyandpippa.com\/hr\/wp-json\/wp\/v2\/product\/2715","targetHints":{"allow":["GET"]}}],"collection":[{"href":"https:\/\/indyandpippa.com\/hr\/wp-json\/wp\/v2\/product"}],"about":[{"href":"https:\/\/indyandpippa.com\/hr\/wp-json\/wp\/v2\/types\/product"}],"replies":[{"embeddable":true,"href":"https:\/\/indyandpippa.com\/hr\/wp-json\/wp\/v2\/comments?post=2715"}],"wp:featuredmedia":[{"embeddable":true,"href":"https:\/\/indyandpippa.com\/hr\/wp-json\/wp\/v2\/media\/1888"}],"wp:attachment":[{"href":"https:\/\/indyandpippa.com\/hr\/wp-json\/wp\/v2\/media?parent=2715"}],"wp:term":[{"taxonomy":"product_brand","embeddable":true,"href":"https:\/\/indyandpippa.com\/hr\/wp-json\/wp\/v2\/product_brand?post=2715"},{"taxonomy":"product_cat","embeddable":true,"href":"https:\/\/indyandpippa.com\/hr\/wp-json\/wp\/v2\/product_cat?post=2715"},{"taxonomy":"product_tag","embeddable":true,"href":"https:\/\/indyandpippa.com\/hr\/wp-json\/wp\/v2\/product_tag?post=2715"}],"curies":[{"name":"wp","href":"https:\/\/api.w.org\/{rel}","templated":true}]}}