{"id":2720,"date":"2024-04-16T13:31:53","date_gmt":"2024-04-16T12:31:53","guid":{"rendered":"https:\/\/indyandpippa.com\/hrskavi-veganski-namaz-od-ljesnjaka-s-kakaom-choco-nutty-hrskavo\/"},"modified":"2024-11-04T15:02:06","modified_gmt":"2024-11-04T14:02:06","slug":"hrskavi-veganski-namaz-od-ljesnjaka-s-kakaom-choco-nutty-hrskavo","status":"publish","type":"product","link":"https:\/\/indyandpippa.com\/hr\/hrskavi-veganski-namaz-od-ljesnjaka-s-kakaom-choco-nutty-hrskavo\/","title":{"rendered":"Hrskavi veganski namaz od lje\u0161njaka s kakaom CHOCO NUTTY HRSKAVO"},"content":{"rendered":"","protected":false},"excerpt":{"rendered":"<p>Komadi\u0107i lje\u0161njaka zajedno s \u010dokoladom vode vas u svijet najljep\u0161ih iskustava.<\/p>\n","protected":false},"featured_media":4350,"comment_status":"closed","ping_status":"closed","template":"","meta":{"_acf_changed":false},"product_brand":[],"product_cat":[138],"product_tag":[],"class_list":{"0":"post-2720","1":"product","2":"type-product","3":"status-publish","4":"has-post-thumbnail","6":"product_cat-siri","8":"first","9":"instock","10":"taxable","11":"shipping-taxable","12":"purchasable","13":"product-type-simple"},"acf":[],"_links":{"self":[{"href":"https:\/\/indyandpippa.com\/hr\/wp-json\/wp\/v2\/product\/2720","targetHints":{"allow":["GET"]}}],"collection":[{"href":"https:\/\/indyandpippa.com\/hr\/wp-json\/wp\/v2\/product"}],"about":[{"href":"https:\/\/indyandpippa.com\/hr\/wp-json\/wp\/v2\/types\/product"}],"replies":[{"embeddable":true,"href":"https:\/\/indyandpippa.com\/hr\/wp-json\/wp\/v2\/comments?post=2720"}],"wp:featuredmedia":[{"embeddable":true,"href":"https:\/\/indyandpippa.com\/hr\/wp-json\/wp\/v2\/media\/4350"}],"wp:attachment":[{"href":"https:\/\/indyandpippa.com\/hr\/wp-json\/wp\/v2\/media?parent=2720"}],"wp:term":[{"taxonomy":"product_brand","embeddable":true,"href":"https:\/\/indyandpippa.com\/hr\/wp-json\/wp\/v2\/product_brand?post=2720"},{"taxonomy":"product_cat","embeddable":true,"href":"https:\/\/indyandpippa.com\/hr\/wp-json\/wp\/v2\/product_cat?post=2720"},{"taxonomy":"product_tag","embeddable":true,"href":"https:\/\/indyandpippa.com\/hr\/wp-json\/wp\/v2\/product_tag?post=2720"}],"curies":[{"name":"wp","href":"https:\/\/api.w.org\/{rel}","templated":true}]}}