{"id":2729,"date":"2024-04-17T00:47:04","date_gmt":"2024-04-16T23:47:04","guid":{"rendered":"https:\/\/indyandpippa.com\/ljubavna-torba-izradena-od-organskog-pamuka\/"},"modified":"2024-04-17T00:47:04","modified_gmt":"2024-04-16T23:47:04","slug":"ljubavna-torba-izradena-od-organskog-pamuka","status":"publish","type":"product","link":"https:\/\/indyandpippa.com\/hr\/ljubavna-torba-izradena-od-organskog-pamuka\/","title":{"rendered":"LJUBAVNA torba! izra\u0111ena od organskog pamuka"},"content":{"rendered":"","protected":false},"excerpt":{"rendered":"<p style=\"font-weight: 400;\">Odani pratitelj svih s aktivnim na\u010dinom \u017eivota &#8211; SRETAN! 100% organska pamu\u010dna vre\u0107ica. S njim izgledate fenomenalno le\u017eerno, a po potrebi pohranite \u010dak 20 litara omiljenog sladoleda Indy&amp;Pippa.<\/p>\n","protected":false},"featured_media":2107,"comment_status":"closed","ping_status":"closed","template":"","meta":{"_acf_changed":false},"product_brand":[],"product_cat":[153],"product_tag":[],"class_list":{"0":"post-2729","1":"product","2":"type-product","3":"status-publish","4":"has-post-thumbnail","6":"product_cat-roba","8":"first","9":"instock","10":"taxable","11":"shipping-taxable","12":"purchasable","13":"product-type-variable","14":"has-default-attributes"},"acf":[],"_links":{"self":[{"href":"https:\/\/indyandpippa.com\/hr\/wp-json\/wp\/v2\/product\/2729","targetHints":{"allow":["GET"]}}],"collection":[{"href":"https:\/\/indyandpippa.com\/hr\/wp-json\/wp\/v2\/product"}],"about":[{"href":"https:\/\/indyandpippa.com\/hr\/wp-json\/wp\/v2\/types\/product"}],"replies":[{"embeddable":true,"href":"https:\/\/indyandpippa.com\/hr\/wp-json\/wp\/v2\/comments?post=2729"}],"wp:featuredmedia":[{"embeddable":true,"href":"https:\/\/indyandpippa.com\/hr\/wp-json\/wp\/v2\/media\/2107"}],"wp:attachment":[{"href":"https:\/\/indyandpippa.com\/hr\/wp-json\/wp\/v2\/media?parent=2729"}],"wp:term":[{"taxonomy":"product_brand","embeddable":true,"href":"https:\/\/indyandpippa.com\/hr\/wp-json\/wp\/v2\/product_brand?post=2729"},{"taxonomy":"product_cat","embeddable":true,"href":"https:\/\/indyandpippa.com\/hr\/wp-json\/wp\/v2\/product_cat?post=2729"},{"taxonomy":"product_tag","embeddable":true,"href":"https:\/\/indyandpippa.com\/hr\/wp-json\/wp\/v2\/product_tag?post=2729"}],"curies":[{"name":"wp","href":"https:\/\/api.w.org\/{rel}","templated":true}]}}