{"id":2731,"date":"2024-04-17T00:00:38","date_gmt":"2024-04-16T23:00:38","guid":{"rendered":"https:\/\/indyandpippa.com\/muska-sretna-majica-organski-pamuk-vise-boja\/"},"modified":"2024-04-17T00:00:38","modified_gmt":"2024-04-16T23:00:38","slug":"muska-sretna-majica-organski-pamuk-vise-boja","status":"publish","type":"product","link":"https:\/\/indyandpippa.com\/hr\/muska-sretna-majica-organski-pamuk-vise-boja\/","title":{"rendered":"Mu\u0161ka SRETNA majica! organski pamuk (vi\u0161e boja)"},"content":{"rendered":"","protected":false},"excerpt":{"rendered":"<p>Indy&amp;Pippa izgled nije potpun bez visokokvalitetne, bezvremenske i odr\u017eive majice. Sastav 100% organskog pamuka u\u010dinit \u0107e va\u0161e dane laganim i svje\u017eim poput va\u0161eg omiljenog sladoleda Indy&amp;Pippa.<\/p>\n","protected":false},"featured_media":2036,"comment_status":"closed","ping_status":"closed","template":"","meta":{"_acf_changed":false},"product_brand":[],"product_cat":[153],"product_tag":[],"class_list":{"0":"post-2731","1":"product","2":"type-product","3":"status-publish","4":"has-post-thumbnail","6":"product_cat-roba","8":"first","9":"instock","10":"taxable","11":"shipping-taxable","12":"purchasable","13":"product-type-variable","14":"has-default-attributes"},"acf":[],"_links":{"self":[{"href":"https:\/\/indyandpippa.com\/hr\/wp-json\/wp\/v2\/product\/2731","targetHints":{"allow":["GET"]}}],"collection":[{"href":"https:\/\/indyandpippa.com\/hr\/wp-json\/wp\/v2\/product"}],"about":[{"href":"https:\/\/indyandpippa.com\/hr\/wp-json\/wp\/v2\/types\/product"}],"replies":[{"embeddable":true,"href":"https:\/\/indyandpippa.com\/hr\/wp-json\/wp\/v2\/comments?post=2731"}],"wp:featuredmedia":[{"embeddable":true,"href":"https:\/\/indyandpippa.com\/hr\/wp-json\/wp\/v2\/media\/2036"}],"wp:attachment":[{"href":"https:\/\/indyandpippa.com\/hr\/wp-json\/wp\/v2\/media?parent=2731"}],"wp:term":[{"taxonomy":"product_brand","embeddable":true,"href":"https:\/\/indyandpippa.com\/hr\/wp-json\/wp\/v2\/product_brand?post=2731"},{"taxonomy":"product_cat","embeddable":true,"href":"https:\/\/indyandpippa.com\/hr\/wp-json\/wp\/v2\/product_cat?post=2731"},{"taxonomy":"product_tag","embeddable":true,"href":"https:\/\/indyandpippa.com\/hr\/wp-json\/wp\/v2\/product_tag?post=2731"}],"curies":[{"name":"wp","href":"https:\/\/api.w.org\/{rel}","templated":true}]}}