{"id":2762,"date":"2024-04-16T13:29:29","date_gmt":"2024-04-16T12:29:29","guid":{"rendered":"https:\/\/indyandpippa.com\/veganski-namaz-od-ljesnjaka-s-kakaom-choco-nutty\/"},"modified":"2024-11-07T12:04:42","modified_gmt":"2024-11-07T11:04:42","slug":"veganski-namaz-od-ljesnjaka-s-kakaom-choco-nutty","status":"publish","type":"product","link":"https:\/\/indyandpippa.com\/hr\/veganski-namaz-od-ljesnjaka-s-kakaom-choco-nutty\/","title":{"rendered":"Veganski namaz od lje\u0161njaka s kakaom CHOCO NUTTY"},"content":{"rendered":"","protected":false},"excerpt":{"rendered":"<p>Lje\u0161njak je va\u0161 djeli\u0107 sre\u0107e koji koristi \u010dokoladu kako bi probudio smijeh u vama.<\/p>\n","protected":false},"featured_media":4347,"comment_status":"closed","ping_status":"closed","template":"","meta":{"_acf_changed":false},"product_brand":[],"product_cat":[138],"product_tag":[],"class_list":{"0":"post-2762","1":"product","2":"type-product","3":"status-publish","4":"has-post-thumbnail","6":"product_cat-siri","8":"first","9":"instock","10":"taxable","11":"shipping-taxable","12":"purchasable","13":"product-type-simple"},"acf":[],"_links":{"self":[{"href":"https:\/\/indyandpippa.com\/hr\/wp-json\/wp\/v2\/product\/2762","targetHints":{"allow":["GET"]}}],"collection":[{"href":"https:\/\/indyandpippa.com\/hr\/wp-json\/wp\/v2\/product"}],"about":[{"href":"https:\/\/indyandpippa.com\/hr\/wp-json\/wp\/v2\/types\/product"}],"replies":[{"embeddable":true,"href":"https:\/\/indyandpippa.com\/hr\/wp-json\/wp\/v2\/comments?post=2762"}],"wp:featuredmedia":[{"embeddable":true,"href":"https:\/\/indyandpippa.com\/hr\/wp-json\/wp\/v2\/media\/4347"}],"wp:attachment":[{"href":"https:\/\/indyandpippa.com\/hr\/wp-json\/wp\/v2\/media?parent=2762"}],"wp:term":[{"taxonomy":"product_brand","embeddable":true,"href":"https:\/\/indyandpippa.com\/hr\/wp-json\/wp\/v2\/product_brand?post=2762"},{"taxonomy":"product_cat","embeddable":true,"href":"https:\/\/indyandpippa.com\/hr\/wp-json\/wp\/v2\/product_cat?post=2762"},{"taxonomy":"product_tag","embeddable":true,"href":"https:\/\/indyandpippa.com\/hr\/wp-json\/wp\/v2\/product_tag?post=2762"}],"curies":[{"name":"wp","href":"https:\/\/api.w.org\/{rel}","templated":true}]}}