{"id":2776,"date":"2024-04-16T13:38:44","date_gmt":"2024-04-16T12:38:44","guid":{"rendered":"https:\/\/indyandpippa.com\/veganski-namaz-od-ljesnjaka-s-datuljama-orasasti-datum\/"},"modified":"2024-11-04T15:11:49","modified_gmt":"2024-11-04T14:11:49","slug":"veganski-namaz-od-ljesnjaka-s-datuljama-orasasti-datum","status":"publish","type":"product","link":"https:\/\/indyandpippa.com\/hr\/veganski-namaz-od-ljesnjaka-s-datuljama-orasasti-datum\/","title":{"rendered":"Veganski namaz od lje\u0161njaka s datuljama ORA\u0160ASTI DATUM"},"content":{"rendered":"","protected":false},"excerpt":{"rendered":"<p>Nesta\u0161ni datumi mije\u0161aju lje\u0161njak i \u010dokoladu na takav na\u010din da vam se otvori cijeli svemir prekrasnih senzacija.<\/p>\n","protected":false},"featured_media":3962,"comment_status":"closed","ping_status":"closed","template":"","meta":{"_acf_changed":false},"product_brand":[],"product_cat":[138],"product_tag":[],"class_list":{"0":"post-2776","1":"product","2":"type-product","3":"status-publish","4":"has-post-thumbnail","6":"product_cat-siri","8":"first","9":"instock","10":"taxable","11":"shipping-taxable","12":"purchasable","13":"product-type-simple"},"acf":[],"_links":{"self":[{"href":"https:\/\/indyandpippa.com\/hr\/wp-json\/wp\/v2\/product\/2776","targetHints":{"allow":["GET"]}}],"collection":[{"href":"https:\/\/indyandpippa.com\/hr\/wp-json\/wp\/v2\/product"}],"about":[{"href":"https:\/\/indyandpippa.com\/hr\/wp-json\/wp\/v2\/types\/product"}],"replies":[{"embeddable":true,"href":"https:\/\/indyandpippa.com\/hr\/wp-json\/wp\/v2\/comments?post=2776"}],"wp:featuredmedia":[{"embeddable":true,"href":"https:\/\/indyandpippa.com\/hr\/wp-json\/wp\/v2\/media\/3962"}],"wp:attachment":[{"href":"https:\/\/indyandpippa.com\/hr\/wp-json\/wp\/v2\/media?parent=2776"}],"wp:term":[{"taxonomy":"product_brand","embeddable":true,"href":"https:\/\/indyandpippa.com\/hr\/wp-json\/wp\/v2\/product_brand?post=2776"},{"taxonomy":"product_cat","embeddable":true,"href":"https:\/\/indyandpippa.com\/hr\/wp-json\/wp\/v2\/product_cat?post=2776"},{"taxonomy":"product_tag","embeddable":true,"href":"https:\/\/indyandpippa.com\/hr\/wp-json\/wp\/v2\/product_tag?post=2776"}],"curies":[{"name":"wp","href":"https:\/\/api.w.org\/{rel}","templated":true}]}}