{"id":2830,"date":"2024-04-16T12:52:19","date_gmt":"2024-04-16T11:52:19","guid":{"rendered":"https:\/\/indyandpippa.com\/veganski-sladoled-od-ljesnjaka-sretan-orah\/"},"modified":"2024-08-12T14:31:34","modified_gmt":"2024-08-12T13:31:34","slug":"veganski-sladoled-od-ljesnjaka-sretan-orah","status":"publish","type":"product","link":"https:\/\/indyandpippa.com\/hr\/veganski-sladoled-od-ljesnjaka-sretan-orah\/","title":{"rendered":"Veganski sladoled od lje\u0161njaka SRETAN ORAH"},"content":{"rendered":"","protected":false},"excerpt":{"rendered":"<p>To je tvoj dio sre\u0107e. Lje\u0161njak je vo\u0107e koje svojim okusom nadahnjuje dobar \u017eivot.<\/p>\n","protected":false},"featured_media":1829,"comment_status":"closed","ping_status":"closed","template":"","meta":{"_acf_changed":false},"product_brand":[],"product_cat":[177,124,123],"product_tag":[],"class_list":{"0":"post-2830","1":"product","2":"type-product","3":"status-publish","4":"has-post-thumbnail","6":"product_cat-kampanja","7":"product_cat-lonci","8":"product_cat-sladoled-hr","9":"product_shipping_class-sladoled","11":"first","12":"instock","13":"taxable","14":"shipping-taxable","15":"purchasable","16":"product-type-variable","17":"has-default-attributes"},"acf":[],"_links":{"self":[{"href":"https:\/\/indyandpippa.com\/hr\/wp-json\/wp\/v2\/product\/2830","targetHints":{"allow":["GET"]}}],"collection":[{"href":"https:\/\/indyandpippa.com\/hr\/wp-json\/wp\/v2\/product"}],"about":[{"href":"https:\/\/indyandpippa.com\/hr\/wp-json\/wp\/v2\/types\/product"}],"replies":[{"embeddable":true,"href":"https:\/\/indyandpippa.com\/hr\/wp-json\/wp\/v2\/comments?post=2830"}],"wp:featuredmedia":[{"embeddable":true,"href":"https:\/\/indyandpippa.com\/hr\/wp-json\/wp\/v2\/media\/1829"}],"wp:attachment":[{"href":"https:\/\/indyandpippa.com\/hr\/wp-json\/wp\/v2\/media?parent=2830"}],"wp:term":[{"taxonomy":"product_brand","embeddable":true,"href":"https:\/\/indyandpippa.com\/hr\/wp-json\/wp\/v2\/product_brand?post=2830"},{"taxonomy":"product_cat","embeddable":true,"href":"https:\/\/indyandpippa.com\/hr\/wp-json\/wp\/v2\/product_cat?post=2830"},{"taxonomy":"product_tag","embeddable":true,"href":"https:\/\/indyandpippa.com\/hr\/wp-json\/wp\/v2\/product_tag?post=2830"}],"curies":[{"name":"wp","href":"https:\/\/api.w.org\/{rel}","templated":true}]}}