{"id":3389,"date":"2024-11-11T13:47:56","date_gmt":"2024-11-11T12:47:56","guid":{"rendered":"https:\/\/indyandpippa.com\/organski-indijski-orascici\/"},"modified":"2024-11-11T14:58:35","modified_gmt":"2024-11-11T13:58:35","slug":"organski-indijski-orascici","status":"publish","type":"product","link":"https:\/\/indyandpippa.com\/hr\/organski-indijski-orascici\/","title":{"rendered":"Organski indijski ora\u0161\u010di\u0107i"},"content":{"rendered":"","protected":false},"excerpt":{"rendered":"<p>Organski indijski ora\u0161\u010di\u0107i izvrstan su izvor proteina, \u017eeljeza i cinka.<\/p>\n","protected":false},"featured_media":3312,"comment_status":"closed","ping_status":"closed","template":"","meta":{"_acf_changed":false},"product_brand":[],"product_cat":[187],"product_tag":[],"class_list":{"0":"post-3389","1":"product","2":"type-product","3":"status-publish","4":"has-post-thumbnail","6":"product_cat-sirovine","8":"first","9":"instock","10":"taxable","11":"shipping-taxable","12":"purchasable","13":"product-type-simple"},"acf":[],"_links":{"self":[{"href":"https:\/\/indyandpippa.com\/hr\/wp-json\/wp\/v2\/product\/3389","targetHints":{"allow":["GET"]}}],"collection":[{"href":"https:\/\/indyandpippa.com\/hr\/wp-json\/wp\/v2\/product"}],"about":[{"href":"https:\/\/indyandpippa.com\/hr\/wp-json\/wp\/v2\/types\/product"}],"replies":[{"embeddable":true,"href":"https:\/\/indyandpippa.com\/hr\/wp-json\/wp\/v2\/comments?post=3389"}],"wp:featuredmedia":[{"embeddable":true,"href":"https:\/\/indyandpippa.com\/hr\/wp-json\/wp\/v2\/media\/3312"}],"wp:attachment":[{"href":"https:\/\/indyandpippa.com\/hr\/wp-json\/wp\/v2\/media?parent=3389"}],"wp:term":[{"taxonomy":"product_brand","embeddable":true,"href":"https:\/\/indyandpippa.com\/hr\/wp-json\/wp\/v2\/product_brand?post=3389"},{"taxonomy":"product_cat","embeddable":true,"href":"https:\/\/indyandpippa.com\/hr\/wp-json\/wp\/v2\/product_cat?post=3389"},{"taxonomy":"product_tag","embeddable":true,"href":"https:\/\/indyandpippa.com\/hr\/wp-json\/wp\/v2\/product_tag?post=3389"}],"curies":[{"name":"wp","href":"https:\/\/api.w.org\/{rel}","templated":true}]}}