{"id":4413,"date":"2026-04-25T18:14:44","date_gmt":"2026-04-25T17:14:44","guid":{"rendered":"https:\/\/indyandpippa.com\/organska-zobena-kasa-s-cokoladnim-orasima-ljesnjacima-i-kakaom\/"},"modified":"2026-04-25T18:14:44","modified_gmt":"2026-04-25T17:14:44","slug":"organska-zobena-kasa-s-cokoladnim-orasima-ljesnjacima-i-kakaom","status":"publish","type":"product","link":"https:\/\/indyandpippa.com\/hr\/organska-zobena-kasa-s-cokoladnim-orasima-ljesnjacima-i-kakaom\/","title":{"rendered":"Organska zobena ka\u0161a s \u010dokoladnim orasima, lje\u0161njacima i kakaom"},"content":{"rendered":"","protected":false},"excerpt":{"rendered":"","protected":false},"featured_media":4335,"comment_status":"closed","ping_status":"closed","template":"","meta":{"_acf_changed":false},"product_brand":[],"product_cat":[195],"product_tag":[],"class_list":{"0":"post-4413","1":"product","2":"type-product","3":"status-publish","4":"has-post-thumbnail","6":"product_cat-dorucak","8":"first","9":"instock","10":"taxable","11":"shipping-taxable","12":"purchasable","13":"product-type-simple"},"acf":[],"_links":{"self":[{"href":"https:\/\/indyandpippa.com\/hr\/wp-json\/wp\/v2\/product\/4413","targetHints":{"allow":["GET"]}}],"collection":[{"href":"https:\/\/indyandpippa.com\/hr\/wp-json\/wp\/v2\/product"}],"about":[{"href":"https:\/\/indyandpippa.com\/hr\/wp-json\/wp\/v2\/types\/product"}],"replies":[{"embeddable":true,"href":"https:\/\/indyandpippa.com\/hr\/wp-json\/wp\/v2\/comments?post=4413"}],"wp:featuredmedia":[{"embeddable":true,"href":"https:\/\/indyandpippa.com\/hr\/wp-json\/wp\/v2\/media\/4335"}],"wp:attachment":[{"href":"https:\/\/indyandpippa.com\/hr\/wp-json\/wp\/v2\/media?parent=4413"}],"wp:term":[{"taxonomy":"product_brand","embeddable":true,"href":"https:\/\/indyandpippa.com\/hr\/wp-json\/wp\/v2\/product_brand?post=4413"},{"taxonomy":"product_cat","embeddable":true,"href":"https:\/\/indyandpippa.com\/hr\/wp-json\/wp\/v2\/product_cat?post=4413"},{"taxonomy":"product_tag","embeddable":true,"href":"https:\/\/indyandpippa.com\/hr\/wp-json\/wp\/v2\/product_tag?post=4413"}],"curies":[{"name":"wp","href":"https:\/\/api.w.org\/{rel}","templated":true}]}}