{"id":4418,"date":"2025-06-17T08:47:48","date_gmt":"2025-06-17T07:47:48","guid":{"rendered":"https:\/\/indyandpippa.com\/kremasti-namaz-od-indijskih-orascica-jagoda-i-malina-cashew-pink\/"},"modified":"2025-06-17T08:47:48","modified_gmt":"2025-06-17T07:47:48","slug":"kremasti-namaz-od-indijskih-orascica-jagoda-i-malina-cashew-pink","status":"publish","type":"product","link":"https:\/\/indyandpippa.com\/hr\/kremasti-namaz-od-indijskih-orascica-jagoda-i-malina-cashew-pink\/","title":{"rendered":"Kremasti namaz od indijskih ora\u0161\u010di\u0107a, jagoda i malina CASHEW PINK"},"content":{"rendered":"","protected":false},"excerpt":{"rendered":"<p>Okus koji \u0161apu\u0107e ljubavne pri\u010de.<\/p>\n","protected":false},"featured_media":4355,"comment_status":"closed","ping_status":"closed","template":"","meta":{"_acf_changed":false},"product_brand":[],"product_cat":[138],"product_tag":[],"class_list":{"0":"post-4418","1":"product","2":"type-product","3":"status-publish","4":"has-post-thumbnail","6":"product_cat-siri","8":"first","9":"outofstock","10":"taxable","11":"shipping-taxable","12":"purchasable","13":"product-type-simple"},"acf":[],"_links":{"self":[{"href":"https:\/\/indyandpippa.com\/hr\/wp-json\/wp\/v2\/product\/4418","targetHints":{"allow":["GET"]}}],"collection":[{"href":"https:\/\/indyandpippa.com\/hr\/wp-json\/wp\/v2\/product"}],"about":[{"href":"https:\/\/indyandpippa.com\/hr\/wp-json\/wp\/v2\/types\/product"}],"replies":[{"embeddable":true,"href":"https:\/\/indyandpippa.com\/hr\/wp-json\/wp\/v2\/comments?post=4418"}],"wp:featuredmedia":[{"embeddable":true,"href":"https:\/\/indyandpippa.com\/hr\/wp-json\/wp\/v2\/media\/4355"}],"wp:attachment":[{"href":"https:\/\/indyandpippa.com\/hr\/wp-json\/wp\/v2\/media?parent=4418"}],"wp:term":[{"taxonomy":"product_brand","embeddable":true,"href":"https:\/\/indyandpippa.com\/hr\/wp-json\/wp\/v2\/product_brand?post=4418"},{"taxonomy":"product_cat","embeddable":true,"href":"https:\/\/indyandpippa.com\/hr\/wp-json\/wp\/v2\/product_cat?post=4418"},{"taxonomy":"product_tag","embeddable":true,"href":"https:\/\/indyandpippa.com\/hr\/wp-json\/wp\/v2\/product_tag?post=4418"}],"curies":[{"name":"wp","href":"https:\/\/api.w.org\/{rel}","templated":true}]}}